{"id":196974,"date":"2024-11-20T11:06:56","date_gmt":"2024-11-20T11:06:56","guid":{"rendered":"https:\/\/tuscasitasbnb.com\/?page_id=196974"},"modified":"2025-08-20T16:56:38","modified_gmt":"2025-08-20T16:56:38","slug":"terms-and-conditions","status":"publish","type":"page","link":"https:\/\/tuscasitasbnb.com\/en\/terms-and-conditions\/","title":{"rendered":"Terms and Conditions"},"content":{"rendered":"<div data-elementor-type=\"wp-page\" data-elementor-id=\"196974\" class=\"elementor elementor-196974\" data-elementor-post-type=\"page\">\n\t\t\t\t<div class=\"elementor-element elementor-element-fcca0c6 e-flex e-con-boxed e-con e-parent\" data-id=\"fcca0c6\" data-element_type=\"container\" data-e-type=\"container\" data-settings=\"{&quot;jet_parallax_layout_list&quot;:[],&quot;background_background&quot;:&quot;classic&quot;}\">\n\t\t\t\t\t<div class=\"e-con-inner\">\n\t\t<div class=\"elementor-element elementor-element-37c4800 e-con-full e-flex e-con e-child\" data-id=\"37c4800\" data-element_type=\"container\" data-e-type=\"container\" data-settings=\"{&quot;jet_parallax_layout_list&quot;:[]}\">\n\t\t\t\t<div class=\"elementor-element elementor-element-f1886a7 elementor-widget elementor-widget-heading\" data-id=\"f1886a7\" data-element_type=\"widget\" data-e-type=\"widget\" data-widget_type=\"heading.default\">\n\t\t\t\t<div class=\"elementor-widget-container\">\n\t\t\t\t\t<h1 class=\"elementor-heading-title elementor-size-default\">Terms and Conditions<\/h1>\t\t\t\t<\/div>\n\t\t\t\t<\/div>\n\t\t\t\t<\/div>\n\t\t\t\t\t<\/div>\n\t\t\t\t<\/div>\n\t\t\t\t<section class=\"elementor-section elementor-top-section elementor-element elementor-element-6e5edd4 elementor-section-boxed elementor-section-height-default elementor-section-height-default\" data-id=\"6e5edd4\" data-element_type=\"section\" data-e-type=\"section\" data-settings=\"{&quot;jet_parallax_layout_list&quot;:[],&quot;background_background&quot;:&quot;classic&quot;}\">\n\t\t\t\t\t\t<div class=\"elementor-container elementor-column-gap-default\">\n\t\t\t\t\t<div class=\"elementor-column elementor-col-100 elementor-top-column elementor-element elementor-element-f2b9411\" data-id=\"f2b9411\" data-element_type=\"column\" data-e-type=\"column\">\n\t\t\t<div class=\"elementor-widget-wrap elementor-element-populated\">\n\t\t\t\t\t\t<div class=\"elementor-element elementor-element-91ced21 elementor-widget elementor-widget-text-editor\" data-id=\"91ced21\" data-element_type=\"widget\" data-e-type=\"widget\" data-widget_type=\"text-editor.default\">\n\t\t\t\t<div class=\"elementor-widget-container\">\n\t\t\t\t\t\t\t\t\t<p data-start=\"314\" data-end=\"573\">Welcome. By accessing this website, the submission of an inquiry, or booking a property, you agree to be bound by the terms and conditions detailed below. This agreement is an agreement between you (the user or a guest) and the operator of this website.<\/p><p data-start=\"575\" data-end=\"666\">Please read the following rental terms and conditions for vacation and conditions carefully before proceeding.<\/p><hr data-start=\"668\" data-end=\"671\" \/><h2 data-start=\"673\" data-end=\"691\">1. Introduction<\/h2><p data-start=\"693\" data-end=\"1086\">These Terms and Conditions govern your use of this web site and booking short-term vacation rental properties that appear in this document. By using this web site, or to make a booking, you acknowledge that you have read, understood and agree to be legally bound by these terms. If you do not agree with any part of these terms, you should not continue with the use of the website or the reservation of the stay.<\/p><hr data-start=\"1088\" data-end=\"1091\" \/><h2 data-start=\"1093\" data-end=\"1112\">2. Booking Conditions<\/h2><p data-start=\"1114\" data-end=\"1288\">Properties listed on this site can be booked directly through the website or through third party platforms. The process of booking will vary depending on the platform used.<\/p><ul data-start=\"1290\" data-end=\"1771\"><li data-start=\"1290\" data-end=\"1354\"><p data-start=\"1292\" data-end=\"1354\"><strong data-start=\"1292\" data-end=\"1307\">Minimum Age<\/strong>: Guests must be at least 21 years old to book.<\/p><\/li><li data-start=\"1355\" data-end=\"1454\"><p data-start=\"1357\" data-end=\"1454\"><strong data-start=\"1357\" data-end=\"1375\">Identification<\/strong>: Valid government-issued identification may be required prior to or at check-in.<\/p><\/li><li data-start=\"1455\" data-end=\"1605\"><p data-start=\"1457\" data-end=\"1605\"><strong data-start=\"1457\" data-end=\"1469\">Payments<\/strong>: A deposit or the full payment is normally required at the time of booking. Payment terms will be defined before the confirmation.<\/p><\/li><li data-start=\"1606\" data-end=\"1771\"><p data-start=\"1608\" data-end=\"1771\"><strong data-start=\"1608\" data-end=\"1623\">Rules Of The House<\/strong>: The acceptance of the property of the house rules. These may include policies on the noise, the rooms of the limits, check-in\/out, and the use of the services.<\/p><\/li><\/ul><p data-start=\"1773\" data-end=\"1852\">Not comply with the terms and conditions that may result in cancellation without refund.<\/p><hr data-start=\"1854\" data-end=\"1857\" \/><h2 data-start=\"1859\" data-end=\"1888\">3. Cancellations And Refunds<\/h2><p data-start=\"1890\" data-end=\"2001\">The cancellation and refund policy will be clearly indicated during the booking process. Typical policies include:<\/p><ul data-start=\"2003\" data-end=\"2217\"><li data-start=\"2003\" data-end=\"2078\"><p data-start=\"2005\" data-end=\"2078\"><strong data-start=\"2005\" data-end=\"2020\">Full Refund<\/strong>: For cancellations made more than 30 days before arrival.<\/p><\/li><li data-start=\"2079\" data-end=\"2150\"><p data-start=\"2081\" data-end=\"2150\"><strong data-start=\"2081\" data-end=\"2099\">Partial Refund<\/strong>: For cancellations made within 14-30 days prior to arrival.<\/p><\/li><li data-start=\"2151\" data-end=\"2217\"><p data-start=\"2153\" data-end=\"2217\"><strong data-start=\"2153\" data-end=\"2166\">There Is No Refund<\/strong>: For cancellations made within 14 days of your arrival.<\/p><\/li><\/ul><p data-start=\"2219\" data-end=\"2398\">If the booking is made through a third party platform (such as Airbnb, Vrbo, etc), their respective cancellation and refund policies apply and may differ from the ones described above.<\/p><hr data-start=\"2400\" data-end=\"2403\" \/><h2 data-start=\"2405\" data-end=\"2433\">4. Guest Responsibilities<\/h2><p data-start=\"2435\" data-end=\"2535\">The customers agree to treat the property and the surrounding area with care and respect during your entire stay.<\/p><ul data-start=\"2537\" data-end=\"3046\"><li data-start=\"2537\" data-end=\"2626\"><p data-start=\"2539\" data-end=\"2626\"><strong data-start=\"2539\" data-end=\"2567\">Adherence to the Rules of the House<\/strong>: Guests must comply with all of the published or communicated rules.<\/p><\/li><li data-start=\"2627\" data-end=\"2725\"><p data-start=\"2629\" data-end=\"2725\"><strong data-start=\"2629\" data-end=\"2649\">The Limit Of Occupancy<\/strong>: Only the number of guests specified in the booking may stay for the night.<\/p><\/li><li data-start=\"2726\" data-end=\"2818\"><p data-start=\"2728\" data-end=\"2818\"><strong data-start=\"2728\" data-end=\"2748\">Parties And Events<\/strong>: Unauthorized meetings, parties or events are strictly prohibited.<\/p><\/li><li data-start=\"2819\" data-end=\"2945\"><p data-start=\"2821\" data-end=\"2945\"><strong data-start=\"2821\" data-end=\"2832\">Damage<\/strong>Guests are responsible for any damages, excess cleaning, or lost items caused during your stay.<\/p><\/li><li data-start=\"2946\" data-end=\"3046\"><p data-start=\"2948\" data-end=\"3046\"><strong data-start=\"2948\" data-end=\"2966\">Pets And Smoking<\/strong>: Unless explicitly allowed, pets and smoking are not allowed on the premises.<\/p><\/li><\/ul><p data-start=\"3048\" data-end=\"3151\">Violation of the guests, the responsibilities may result in eviction and\/or charges for extra cleaning or damage.<\/p><hr data-start=\"3153\" data-end=\"3156\" \/><h2 data-start=\"3158\" data-end=\"3178\">5. Use of the Website<\/h2><p data-start=\"3180\" data-end=\"3271\">Users agree not to engage in any illegal or unauthorized use of the activity when you use this website.<\/p><p data-start=\"3273\" data-end=\"3325\">Prohibited behaviors include, but are not limited to:<\/p><ul data-start=\"3327\" data-end=\"3488\"><li data-start=\"3327\" data-end=\"3377\"><p data-start=\"3329\" data-end=\"3377\">Attempt to violate or compromise the security of the site<\/p><\/li><li data-start=\"3378\" data-end=\"3421\"><p data-start=\"3380\" data-end=\"3421\">The transmission of spam or unsolicited messages<\/p><\/li><li data-start=\"3422\" data-end=\"3488\"><p data-start=\"3424\" data-end=\"3488\">Scaling, duplicating, or misuse of the data or contents of the website<\/p><\/li><\/ul><p data-start=\"3490\" data-end=\"3654\">All content on this website is the intellectual property of the website owner, unless otherwise stated. The reproduction or distribution without authorization is prohibited.<\/p><hr data-start=\"3656\" data-end=\"3659\" \/><h2 data-start=\"3661\" data-end=\"3687\">6. Disclaimer<\/h2><p data-start=\"3689\" data-end=\"3756\">The operator of this site and its partners are not responsible for:<\/p><ul data-start=\"3758\" data-end=\"4065\"><li data-start=\"3758\" data-end=\"3839\"><p data-start=\"3760\" data-end=\"3839\"><strong data-start=\"3760\" data-end=\"3778\">Web Site Issues<\/strong>: The temporary lack of availability, inaccuracy or technical errors<\/p><\/li><li data-start=\"3840\" data-end=\"3925\"><p data-start=\"3842\" data-end=\"3925\"><strong data-start=\"3842\" data-end=\"3861\">Guest Incidents<\/strong>In : injuries, accidents, loss or theft that may occur during the stay<\/p><\/li><li data-start=\"3926\" data-end=\"4065\"><p data-start=\"3928\" data-end=\"4065\"><strong data-start=\"3928\" data-end=\"3945\">Force Majeure<\/strong>Delays or cancellations due to natural disasters, weather, strikes, government actions, or other uncontrollable events<\/p><\/li><\/ul><p data-start=\"4067\" data-end=\"4157\">Guests are advised to obtain appropriate travel and medical insurance prior to your stay.<\/p><hr data-start=\"4159\" data-end=\"4162\" \/><h2 data-start=\"4164\" data-end=\"4187\">7. Privacy Of Reference<\/h2><p data-start=\"4189\" data-end=\"4414\">The use of this site is subject to the privacy practices that are described in the following Privacy Policy. Users are advised to review the policy to understand how your personal information is collected, used, and protected.<\/p><hr data-start=\"4416\" data-end=\"4419\" \/><h2 data-start=\"4421\" data-end=\"4443\">8. Changes to the Terms<\/h2><p data-start=\"4445\" data-end=\"4695\">These terms and conditions may be updated periodically. It is the responsibility of the user or guest check this page for updates prior to booking. The continued use of the site after changes are posted constitutes your acceptance of the revised terms.<\/p><hr data-start=\"4697\" data-end=\"4700\" \/><h2 data-start=\"4702\" data-end=\"4715\">9. Contact<\/h2><p data-start=\"4717\" data-end=\"4865\">For any questions regarding these Terms and Conditions, users must use the form of contact or communication channel offered on the site.<\/p>\t\t\t\t\t\t\t\t<\/div>\n\t\t\t\t<\/div>\n\t\t\t\t\t<\/div>\n\t\t<\/div>\n\t\t\t\t\t<\/div>\n\t\t<\/section>\n\t\t\t\t<\/div>","protected":false},"excerpt":{"rendered":"<p>T\u00e9rminos y Condiciones De bienvenida. Al acceder a este sitio web, la presentaci\u00f3n de una investigaci\u00f3n, o la reserva de una propiedad, usted acepta estar obligado por los t\u00e9rminos y condiciones que se detallan a continuaci\u00f3n. Este acuerdo es un acuerdo entre usted (el usuario o invitado) y el operador de este sitio. Por favor, [&hellip;]<\/p>\n","protected":false},"author":2,"featured_media":0,"parent":0,"menu_order":0,"comment_status":"closed","ping_status":"closed","template":"elementor_header_footer","meta":{"_acf_changed":false,"footnotes":""},"class_list":["post-196974","page","type-page","status-publish","hentry"],"acf":[],"_links":{"self":[{"href":"https:\/\/tuscasitasbnb.com\/en\/wp-json\/wp\/v2\/pages\/196974","targetHints":{"allow":["GET"]}}],"collection":[{"href":"https:\/\/tuscasitasbnb.com\/en\/wp-json\/wp\/v2\/pages"}],"about":[{"href":"https:\/\/tuscasitasbnb.com\/en\/wp-json\/wp\/v2\/types\/page"}],"author":[{"embeddable":true,"href":"https:\/\/tuscasitasbnb.com\/en\/wp-json\/wp\/v2\/users\/2"}],"replies":[{"embeddable":true,"href":"https:\/\/tuscasitasbnb.com\/en\/wp-json\/wp\/v2\/comments?post=196974"}],"version-history":[{"count":23,"href":"https:\/\/tuscasitasbnb.com\/en\/wp-json\/wp\/v2\/pages\/196974\/revisions"}],"predecessor-version":[{"id":198712,"href":"https:\/\/tuscasitasbnb.com\/en\/wp-json\/wp\/v2\/pages\/196974\/revisions\/198712"}],"wp:attachment":[{"href":"https:\/\/tuscasitasbnb.com\/en\/wp-json\/wp\/v2\/media?parent=196974"}],"curies":[{"name":"wp","href":"https:\/\/api.w.org\/{rel}","templated":true}]}}