{"id":3,"date":"2023-05-18T06:13:47","date_gmt":"2023-05-18T06:13:47","guid":{"rendered":"https:\/\/tuscasitasbnb.com\/?page_id=3"},"modified":"2025-08-20T16:55:57","modified_gmt":"2025-08-20T16:55:57","slug":"privacy-policy","status":"publish","type":"page","link":"https:\/\/tuscasitasbnb.com\/en\/privacy-policy\/","title":{"rendered":"Privacy Policy"},"content":{"rendered":"<div data-elementor-type=\"wp-page\" data-elementor-id=\"3\" class=\"elementor elementor-3\" data-elementor-post-type=\"page\">\n\t\t\t\t<div class=\"elementor-element elementor-element-61fe3cf e-flex e-con-boxed e-con e-parent\" data-id=\"61fe3cf\" data-element_type=\"container\" data-e-type=\"container\" data-settings=\"{&quot;jet_parallax_layout_list&quot;:[],&quot;background_background&quot;:&quot;classic&quot;}\">\n\t\t\t\t\t<div class=\"e-con-inner\">\n\t\t<div class=\"elementor-element elementor-element-c151b1d e-con-full e-flex e-con e-child\" data-id=\"c151b1d\" data-element_type=\"container\" data-e-type=\"container\" data-settings=\"{&quot;jet_parallax_layout_list&quot;:[]}\">\n\t\t\t\t<div class=\"elementor-element elementor-element-709a51a elementor-widget elementor-widget-heading\" data-id=\"709a51a\" data-element_type=\"widget\" data-e-type=\"widget\" data-widget_type=\"heading.default\">\n\t\t\t\t<div class=\"elementor-widget-container\">\n\t\t\t\t\t<h1 class=\"elementor-heading-title elementor-size-default\">Privacy Policy<\/h1>\t\t\t\t<\/div>\n\t\t\t\t<\/div>\n\t\t\t\t<\/div>\n\t\t\t\t\t<\/div>\n\t\t\t\t<\/div>\n\t\t<div class=\"elementor-element elementor-element-b058e1b e-flex e-con-boxed e-con e-parent\" data-id=\"b058e1b\" data-element_type=\"container\" data-e-type=\"container\" data-settings=\"{&quot;jet_parallax_layout_list&quot;:[],&quot;background_background&quot;:&quot;classic&quot;}\">\n\t\t\t\t\t<div class=\"e-con-inner\">\n\t\t<div class=\"elementor-element elementor-element-88e0197 e-con-full e-flex e-con e-child\" data-id=\"88e0197\" data-element_type=\"container\" data-e-type=\"container\" data-settings=\"{&quot;jet_parallax_layout_list&quot;:[]}\">\n\t\t\t\t<div class=\"elementor-element elementor-element-97ff2d5 elementor-widget elementor-widget-text-editor\" data-id=\"97ff2d5\" data-element_type=\"widget\" data-e-type=\"widget\" data-widget_type=\"text-editor.default\">\n\t\t\t\t<div class=\"elementor-widget-container\">\n\t\t\t\t\t\t\t\t\t<p data-start=\"324\" data-end=\"581\">Your privacy is important to us. This Privacy Policy explains how we collect, use, disclose, and protect your personal information when you visit this website or use our services, including the booking of a vacation rental, the submission of an inquiry, or contact with us.<\/p><p data-start=\"583\" data-end=\"646\">By using this site, you consent to the practices described below.<\/p><hr data-start=\"648\" data-end=\"651\" \/><h3 data-start=\"653\" data-end=\"681\">1. The Information That We Collect<\/h3><p data-start=\"683\" data-end=\"742\">We may collect the following kinds of personal information:<\/p><ul data-start=\"744\" data-end=\"1159\"><li data-start=\"744\" data-end=\"804\"><p data-start=\"746\" data-end=\"804\"><strong data-start=\"746\" data-end=\"769\">Contact Information<\/strong>: Name, e-mail address, phone number<\/p><\/li><li data-start=\"805\" data-end=\"878\"><p data-start=\"807\" data-end=\"878\"><strong data-start=\"807\" data-end=\"826\">The Details Of The Booking<\/strong>Dates of stay, number of people, for the selected property<\/p><\/li><li data-start=\"879\" data-end=\"959\"><p data-start=\"881\" data-end=\"959\"><strong data-start=\"881\" data-end=\"904\">Payment Information<\/strong>: Collected securely via third-party payment processors<\/p><\/li><li data-start=\"960\" data-end=\"1036\"><p data-start=\"962\" data-end=\"1036\"><strong data-start=\"962\" data-end=\"983\">User Account Information<\/strong>\u00a0(if applicable): Log-in details and preferences are saved<\/p><\/li><li data-start=\"1037\" data-end=\"1159\"><p data-start=\"1039\" data-end=\"1159\"><strong data-start=\"1039\" data-end=\"1057\">Technical Data<\/strong>: IP address, browser type, pages visited, and time spent on the site (through cookies or analysis tools)<\/p><\/li><\/ul><hr data-start=\"1161\" data-end=\"1164\" \/><h3 data-start=\"1166\" data-end=\"1199\">2. How We Use Your Information<\/h3><p data-start=\"1201\" data-end=\"1237\">We use the information collected to:<\/p><ul data-start=\"1239\" data-end=\"1497\"><li data-start=\"1239\" data-end=\"1290\"><p data-start=\"1241\" data-end=\"1290\">Respond to inquiries and provide customer support<\/p><\/li><li data-start=\"1291\" data-end=\"1336\"><p data-start=\"1293\" data-end=\"1336\">Process and manage the bookings or bookings<\/p><\/li><li data-start=\"1337\" data-end=\"1385\"><p data-start=\"1339\" data-end=\"1385\">Communicate important updates or confirmations<\/p><\/li><li data-start=\"1386\" data-end=\"1435\"><p data-start=\"1388\" data-end=\"1435\">To improve the performance of the website and user experience<\/p><\/li><li data-start=\"1436\" data-end=\"1497\"><p data-start=\"1438\" data-end=\"1497\">To send promotional emails or offers (only if you have opted in)<\/p><\/li><\/ul><p data-start=\"1499\" data-end=\"1544\">We will never sell your personal information.<\/p><hr data-start=\"1546\" data-end=\"1549\" \/><h3 data-start=\"1551\" data-end=\"1579\">3. The exchange of Information<\/h3><p data-start=\"1581\" data-end=\"1656\">We may share your data with third parties only in the following situations:<\/p><ul data-start=\"1658\" data-end=\"1989\"><li data-start=\"1658\" data-end=\"1742\"><p data-start=\"1660\" data-end=\"1742\"><strong data-start=\"1660\" data-end=\"1681\">Service Providers<\/strong>: To process payments, manage reservations, or host data securely<\/p><\/li><li data-start=\"1743\" data-end=\"1856\"><p data-start=\"1745\" data-end=\"1856\"><strong data-start=\"1745\" data-end=\"1767\">Legal Requirements<\/strong>: When it is necessary to comply with applicable laws, court proceedings, or government requests<\/p><\/li><li data-start=\"1857\" data-end=\"1989\"><p data-start=\"1859\" data-end=\"1989\"><strong data-start=\"1859\" data-end=\"1880\">Platform Partners<\/strong>: If you book through a third-party site (for example, Airbnb, Vrbo), your data is also subject to their privacy policies<\/p><\/li><\/ul><hr data-start=\"1991\" data-end=\"1994\" \/><h3 data-start=\"1996\" data-end=\"2020\">4. Cookies And Tracking<\/h3><p data-start=\"2022\" data-end=\"2073\">This site uses cookies and similar technologies for:<\/p><ul data-start=\"2075\" data-end=\"2194\"><li data-start=\"2075\" data-end=\"2105\"><p data-start=\"2077\" data-end=\"2105\">Recognize returning visitors<\/p><\/li><li data-start=\"2106\" data-end=\"2133\"><p data-start=\"2108\" data-end=\"2133\">Remember your preferences<\/p><\/li><li data-start=\"2134\" data-end=\"2194\"><p data-start=\"2136\" data-end=\"2194\">Measure the traffic and the usage patterns through analysis tools<\/p><\/li><\/ul><p data-start=\"2196\" data-end=\"2256\">You can manage your cookie preferences by using the settings of your browser.<\/p><hr data-start=\"2258\" data-end=\"2261\" \/><h3 data-start=\"2263\" data-end=\"2282\">5. Security Of Data<\/h3><p data-start=\"2284\" data-end=\"2471\">We implement reasonable security measures to protect your data against unauthorized access, use or disclosure. This includes the processing of payments secure and limit access to sensitive information.<\/p><p data-start=\"2473\" data-end=\"2583\">However, no transmission over the internet, or method of electronic storage is 100% secure, and we cannot guarantee its absolute security.<\/p><hr data-start=\"2585\" data-end=\"2588\" \/><h3 data-start=\"2590\" data-end=\"2607\">6. Your Rights<\/h3><p data-start=\"2609\" data-end=\"2631\">You have the right to:<\/p><ul data-start=\"2633\" data-end=\"2823\"><li data-start=\"2633\" data-end=\"2678\"><p data-start=\"2635\" data-end=\"2678\">Request access to your personal information<\/p><\/li><li data-start=\"2679\" data-end=\"2719\"><p data-start=\"2681\" data-end=\"2719\">Request correction of inaccurate data<\/p><\/li><li data-start=\"2720\" data-end=\"2766\"><p data-start=\"2722\" data-end=\"2766\">Withdraw consent to marketing communications<\/p><\/li><li data-start=\"2767\" data-end=\"2823\"><p data-start=\"2769\" data-end=\"2823\">Request deletion of your data, provided it is legally allowed<\/p><\/li><\/ul><p data-start=\"2825\" data-end=\"2892\">To exercise these rights, please use the contact form on this site.<\/p><hr data-start=\"2894\" data-end=\"2897\" \/><h3 data-start=\"2899\" data-end=\"2922\">7. Third-Party Links<\/h3><p data-start=\"2924\" data-end=\"3112\">This site may contain links to third-party web sites. We are not responsible for the privacy practices or the content of these websites. We encourage you to review the privacy policies individually.<\/p><hr data-start=\"3114\" data-end=\"3117\" \/><h3 data-start=\"3119\" data-end=\"3143\">8. Children&#039;s Privacy<\/h3><p data-start=\"3145\" data-end=\"3377\">This site is not intended for persons under 18 years of age. We do not knowingly collect personal data from minors. If we learn that we have collected data from a minor without appropriate consent, we will take steps to delete it.<\/p><hr data-start=\"3379\" data-end=\"3382\" \/><h3 data-start=\"3384\" data-end=\"3412\">9. Changes to This Policy<\/h3><p data-start=\"3414\" data-end=\"3602\">We may update this Privacy Policy from time to time. The changes will be posted on this page with an updated revision date. Your continued use of this site indicates your acceptance of any changes.<\/p><hr data-start=\"3604\" data-end=\"3607\" \/><h3 data-start=\"3609\" data-end=\"3637\">10. Questions or Concerns<\/h3><p data-start=\"3639\" data-end=\"3741\">If you have any questions about this Privacy Policy, please contact us.<\/p>\t\t\t\t\t\t\t\t<\/div>\n\t\t\t\t<\/div>\n\t\t\t\t<\/div>\n\t\t\t\t\t<\/div>\n\t\t\t\t<\/div>\n\t\t\t\t<\/div>","protected":false},"excerpt":{"rendered":"<p>Pol\u00edtica De Privacidad Su privacidad es importante para nosotros. Esta Pol\u00edtica de Privacidad explica c\u00f3mo recopilamos, utilizamos, revelamos, y proteger su informaci\u00f3n personal cuando usted visita este sitio de internet o utiliza nuestros servicios, incluyendo la reserva de un alquiler de vacaciones, la presentaci\u00f3n de una investigaci\u00f3n, o ponerse en contacto con nosotros. Al usar [&hellip;]<\/p>\n","protected":false},"author":2,"featured_media":0,"parent":0,"menu_order":0,"comment_status":"closed","ping_status":"open","template":"","meta":{"_acf_changed":false,"footnotes":""},"class_list":["post-3","page","type-page","status-publish","hentry"],"acf":[],"_links":{"self":[{"href":"https:\/\/tuscasitasbnb.com\/en\/wp-json\/wp\/v2\/pages\/3","targetHints":{"allow":["GET"]}}],"collection":[{"href":"https:\/\/tuscasitasbnb.com\/en\/wp-json\/wp\/v2\/pages"}],"about":[{"href":"https:\/\/tuscasitasbnb.com\/en\/wp-json\/wp\/v2\/types\/page"}],"author":[{"embeddable":true,"href":"https:\/\/tuscasitasbnb.com\/en\/wp-json\/wp\/v2\/users\/2"}],"replies":[{"embeddable":true,"href":"https:\/\/tuscasitasbnb.com\/en\/wp-json\/wp\/v2\/comments?post=3"}],"version-history":[{"count":21,"href":"https:\/\/tuscasitasbnb.com\/en\/wp-json\/wp\/v2\/pages\/3\/revisions"}],"predecessor-version":[{"id":198709,"href":"https:\/\/tuscasitasbnb.com\/en\/wp-json\/wp\/v2\/pages\/3\/revisions\/198709"}],"wp:attachment":[{"href":"https:\/\/tuscasitasbnb.com\/en\/wp-json\/wp\/v2\/media?parent=3"}],"curies":[{"name":"wp","href":"https:\/\/api.w.org\/{rel}","templated":true}]}}