{"id":191466,"date":"2023-05-02T06:31:56","date_gmt":"2023-05-02T06:31:56","guid":{"rendered":"https:\/\/tuscasitasbnb.com\/?page_id=191466"},"modified":"2025-08-20T16:54:35","modified_gmt":"2025-08-20T16:54:35","slug":"experiences","status":"publish","type":"page","link":"https:\/\/tuscasitasbnb.com\/es_mx\/experiences\/","title":{"rendered":"Experiences"},"content":{"rendered":"<div data-elementor-type=\"wp-page\" data-elementor-id=\"191466\" class=\"elementor elementor-191466\" data-elementor-post-type=\"page\">\n\t\t\t\t<div class=\"elementor-element elementor-element-e912b9b e-flex e-con-boxed e-con e-parent\" data-id=\"e912b9b\" data-element_type=\"container\" data-e-type=\"container\" data-settings=\"{&quot;jet_parallax_layout_list&quot;:[],&quot;background_background&quot;:&quot;classic&quot;}\">\n\t\t\t\t\t<div class=\"e-con-inner\">\n\t\t<div class=\"elementor-element elementor-element-62fd851 e-con-full e-flex e-con e-child\" data-id=\"62fd851\" data-element_type=\"container\" data-e-type=\"container\" data-settings=\"{&quot;jet_parallax_layout_list&quot;:[]}\">\n\t\t\t\t<div class=\"elementor-element elementor-element-63f8d9d elementor-widget elementor-widget-heading\" data-id=\"63f8d9d\" data-element_type=\"widget\" data-e-type=\"widget\" data-widget_type=\"heading.default\">\n\t\t\t\t<div class=\"elementor-widget-container\">\n\t\t\t\t\t<h1 class=\"elementor-heading-title elementor-size-default\">Experiencias<\/h1>\t\t\t\t<\/div>\n\t\t\t\t<\/div>\n\t\t\t\t<\/div>\n\t\t\t\t\t<\/div>\n\t\t\t\t<\/div>\n\t\t<div class=\"elementor-element elementor-element-05caf34 e-flex e-con-boxed e-con e-parent\" data-id=\"05caf34\" data-element_type=\"container\" data-e-type=\"container\" data-settings=\"{&quot;background_background&quot;:&quot;classic&quot;,&quot;jet_parallax_layout_list&quot;:[]}\">\n\t\t\t\t\t<div class=\"e-con-inner\">\n\t\t<div class=\"elementor-element elementor-element-041d23e e-con-full animated-fast e-flex elementor-invisible e-con e-child\" data-id=\"041d23e\" data-element_type=\"container\" data-e-type=\"container\" data-settings=\"{&quot;animation&quot;:&quot;fadeIn&quot;,&quot;animation_delay&quot;:750,&quot;jet_parallax_layout_list&quot;:[]}\">\n\t\t\t\t<div class=\"elementor-element elementor-element-bc30de1 elementor-widget elementor-widget-heading\" data-id=\"bc30de1\" data-element_type=\"widget\" data-e-type=\"widget\" data-widget_type=\"heading.default\">\n\t\t\t\t<div class=\"elementor-widget-container\">\n\t\t\t\t\t<h2 class=\"elementor-heading-title elementor-size-default\">M\u00e1s De una Estancia \u2013 Es una Memoria en la Fabricaci\u00f3n de<\/h2>\t\t\t\t<\/div>\n\t\t\t\t<\/div>\n\t\t\t\t<div class=\"elementor-element elementor-element-20898b3 elementor-widget elementor-widget-text-editor\" data-id=\"20898b3\" data-element_type=\"widget\" data-e-type=\"widget\" data-widget_type=\"text-editor.default\">\n\t\t\t\t<div class=\"elementor-widget-container\">\n\t\t\t\t\t\t\t\t\t<p>En Tus Casitas BNB, creemos que viajar es algo m\u00e1s que simplemente donde dormir \u2014 es acerca de c\u00f3mo se siente, lo que uno descubre, y las historias que voy a contar m\u00e1s adelante. Si usted est\u00e1 desenrollado por la playa, explorar el campo, o buceando en la vibrante vida de la ciudad, nuestro comisariado de experiencias locales est\u00e1n dise\u00f1adas para elevar su estancia.<\/p>\t\t\t\t\t\t\t\t<\/div>\n\t\t\t\t<\/div>\n\t\t\t\t<\/div>\n\t\t\t\t\t<\/div>\n\t\t\t\t<\/div>\n\t\t<div class=\"elementor-element elementor-element-3e384c1 e-flex e-con-boxed e-con e-parent\" data-id=\"3e384c1\" data-element_type=\"container\" data-e-type=\"container\" data-settings=\"{&quot;jet_parallax_layout_list&quot;:[],&quot;background_background&quot;:&quot;classic&quot;}\">\n\t\t\t\t\t<div class=\"e-con-inner\">\n\t\t<div class=\"elementor-element elementor-element-28e1df5 e-con-full e-flex e-con e-child\" data-id=\"28e1df5\" data-element_type=\"container\" data-e-type=\"container\" data-settings=\"{&quot;jet_parallax_layout_list&quot;:[]}\">\n\t\t\t\t<\/div>\n\t\t\t\t\t<\/div>\n\t\t\t\t<\/div>\n\t\t\t\t<\/div>","protected":false},"excerpt":{"rendered":"<p>Experiencias M\u00e1s De una Estancia \u2013 Es una Memoria en la Fabricaci\u00f3n de En Tus Casitas BNB, creemos que viajar es algo m\u00e1s que simplemente donde dormir \u2014 es acerca de c\u00f3mo se siente, lo que uno descubre, y las historias que voy a contar m\u00e1s adelante. Si usted est\u00e1 desenrollado por la playa, explorar [&hellip;]<\/p>\n","protected":false},"author":2,"featured_media":0,"parent":0,"menu_order":0,"comment_status":"closed","ping_status":"closed","template":"elementor_header_footer","meta":{"_acf_changed":false,"footnotes":""},"class_list":["post-191466","page","type-page","status-publish","hentry"],"acf":[],"_links":{"self":[{"href":"https:\/\/tuscasitasbnb.com\/es_mx\/wp-json\/wp\/v2\/pages\/191466","targetHints":{"allow":["GET"]}}],"collection":[{"href":"https:\/\/tuscasitasbnb.com\/es_mx\/wp-json\/wp\/v2\/pages"}],"about":[{"href":"https:\/\/tuscasitasbnb.com\/es_mx\/wp-json\/wp\/v2\/types\/page"}],"author":[{"embeddable":true,"href":"https:\/\/tuscasitasbnb.com\/es_mx\/wp-json\/wp\/v2\/users\/2"}],"replies":[{"embeddable":true,"href":"https:\/\/tuscasitasbnb.com\/es_mx\/wp-json\/wp\/v2\/comments?post=191466"}],"version-history":[{"count":44,"href":"https:\/\/tuscasitasbnb.com\/es_mx\/wp-json\/wp\/v2\/pages\/191466\/revisions"}],"predecessor-version":[{"id":198703,"href":"https:\/\/tuscasitasbnb.com\/es_mx\/wp-json\/wp\/v2\/pages\/191466\/revisions\/198703"}],"wp:attachment":[{"href":"https:\/\/tuscasitasbnb.com\/es_mx\/wp-json\/wp\/v2\/media?parent=191466"}],"curies":[{"name":"wp","href":"https:\/\/api.w.org\/{rel}","templated":true}]}}