{"id":193900,"date":"2023-05-26T09:36:56","date_gmt":"2023-05-26T09:36:56","guid":{"rendered":"https:\/\/tuscasitasbnb.com\/?page_id=193900"},"modified":"2025-08-20T16:53:54","modified_gmt":"2025-08-20T16:53:54","slug":"blog","status":"publish","type":"page","link":"https:\/\/tuscasitasbnb.com\/es_mx\/blog\/","title":{"rendered":"Blog"},"content":{"rendered":"\t\t<div data-elementor-type=\"wp-page\" data-elementor-id=\"193900\" class=\"elementor elementor-193900\" data-elementor-post-type=\"page\">\n\t\t\t\t<div class=\"elementor-element elementor-element-da5587c e-flex e-con-boxed e-con e-parent\" data-id=\"da5587c\" data-element_type=\"container\" data-e-type=\"container\" data-settings=\"{&quot;jet_parallax_layout_list&quot;:[],&quot;background_background&quot;:&quot;classic&quot;}\">\n\t\t\t\t\t<div class=\"e-con-inner\">\n\t\t<div class=\"elementor-element elementor-element-d3c1e85 e-con-full e-flex e-con e-child\" data-id=\"d3c1e85\" data-element_type=\"container\" data-e-type=\"container\" data-settings=\"{&quot;jet_parallax_layout_list&quot;:[]}\">\n\t\t\t\t<div class=\"elementor-element elementor-element-4dce9e8 elementor-widget elementor-widget-heading\" data-id=\"4dce9e8\" data-element_type=\"widget\" data-e-type=\"widget\" data-widget_type=\"heading.default\">\n\t\t\t\t<div class=\"elementor-widget-container\">\n\t\t\t\t\t<h1 class=\"elementor-heading-title elementor-size-default\">Blogs<\/h1>\t\t\t\t<\/div>\n\t\t\t\t<\/div>\n\t\t\t\t<\/div>\n\t\t\t\t\t<\/div>\n\t\t\t\t<\/div>\n\t\t<div class=\"elementor-element elementor-element-b709753 e-flex e-con-boxed e-con e-parent\" data-id=\"b709753\" data-element_type=\"container\" data-e-type=\"container\" data-settings=\"{&quot;background_background&quot;:&quot;classic&quot;,&quot;jet_parallax_layout_list&quot;:[]}\">\n\t\t\t\t\t<div class=\"e-con-inner\">\n\t\t<div class=\"elementor-element elementor-element-8e94add e-con-full animated-fast e-flex elementor-invisible e-con e-child\" data-id=\"8e94add\" data-element_type=\"container\" data-e-type=\"container\" data-settings=\"{&quot;animation&quot;:&quot;fadeIn&quot;,&quot;animation_delay&quot;:750,&quot;jet_parallax_layout_list&quot;:[]}\">\n\t\t\t\t<div class=\"elementor-element elementor-element-d866f3c elementor-widget elementor-widget-heading\" data-id=\"d866f3c\" data-element_type=\"widget\" data-e-type=\"widget\" data-widget_type=\"heading.default\">\n\t\t\t\t<div class=\"elementor-widget-container\">\n\t\t\t\t\t<h2 class=\"elementor-heading-title elementor-size-default\">Consejos, Inspiraci\u00f3n y las Historias Que le ayudar\u00e1n a Viajar Mejor<\/h2>\t\t\t\t<\/div>\n\t\t\t\t<\/div>\n\t\t\t\t<div class=\"elementor-element elementor-element-77f74a4 elementor-widget elementor-widget-text-editor\" data-id=\"77f74a4\" data-element_type=\"widget\" data-e-type=\"widget\" data-widget_type=\"text-editor.default\">\n\t\t\t\t<div class=\"elementor-widget-container\">\n\t\t\t\t\t\t\t\t\t<p>Bienvenido a el Tus Casitas BNB Blog \u2014 su centro de recursos para las vacaciones de inspiraci\u00f3n, gu\u00edas locales, consejos de viaje e informaci\u00f3n consejos para hacer el la mayor\u00eda de su pr\u00f3xima escapada. Ya sea que est\u00e9 planeando una escapada de fin de semana, unas vacaciones en familia, o un largo retraso retiro, estamos aqu\u00ed para ayudarle a viajar de manera m\u00e1s inteligente y estar mejor.<\/p>\t\t\t\t\t\t\t\t<\/div>\n\t\t\t\t<\/div>\n\t\t\t\t<\/div>\n\t\t\t\t\t<\/div>\n\t\t\t\t<\/div>\n\t\t<div class=\"elementor-element elementor-element-13b5e89 e-flex e-con-boxed e-con e-parent\" data-id=\"13b5e89\" data-element_type=\"container\" data-e-type=\"container\" data-settings=\"{&quot;background_background&quot;:&quot;classic&quot;,&quot;jet_parallax_layout_list&quot;:[]}\">\n\t\t\t\t\t<div class=\"e-con-inner\">\n\t\t\t\t<div class=\"elementor-element elementor-element-69a1ab1 elementor-grid-3 elementor-grid-tablet-2 elementor-grid-mobile-1 elementor-widget elementor-widget-loop-grid\" data-id=\"69a1ab1\" data-element_type=\"widget\" data-e-type=\"widget\" data-settings=\"{&quot;pagination_type&quot;:&quot;numbers&quot;,&quot;template_id&quot;:&quot;198195&quot;,&quot;_skin&quot;:&quot;post&quot;,&quot;columns&quot;:&quot;3&quot;,&quot;columns_tablet&quot;:&quot;2&quot;,&quot;columns_mobile&quot;:&quot;1&quot;,&quot;edit_handle_selector&quot;:&quot;[data-elementor-type=\\&quot;loop-item\\&quot;]&quot;,&quot;pagination_load_type&quot;:&quot;page_reload&quot;,&quot;row_gap&quot;:{&quot;unit&quot;:&quot;px&quot;,&quot;size&quot;:&quot;&quot;,&quot;sizes&quot;:[]},&quot;row_gap_tablet&quot;:{&quot;unit&quot;:&quot;px&quot;,&quot;size&quot;:&quot;&quot;,&quot;sizes&quot;:[]},&quot;row_gap_mobile&quot;:{&quot;unit&quot;:&quot;px&quot;,&quot;size&quot;:&quot;&quot;,&quot;sizes&quot;:[]}}\" data-widget_type=\"loop-grid.post\">\n\t\t\t\t<div class=\"elementor-widget-container\">\n\t\t\t\t\t\t\t<div class=\"e-loop-nothing-found-message\">\n\t\t<\/div>\n\t\t\t\t\t\t<\/div>\n\t\t\t\t<\/div>\n\t\t\t\t\t<\/div>\n\t\t\t\t<\/div>\n\t\t\t\t<\/div>\n\t\t","protected":false},"excerpt":{"rendered":"<p>Blogs Consejos, Inspiraci\u00f3n y las Historias Que le ayudar\u00e1n a Viajar Mejor Bienvenido a el Tus Casitas BNB Blog \u2014 su centro de recursos para las vacaciones de inspiraci\u00f3n, gu\u00edas locales, consejos de viaje e informaci\u00f3n consejos para hacer el la mayor\u00eda de su pr\u00f3xima escapada. Ya sea que est\u00e9 planeando una escapada de fin [&hellip;]<\/p>\n","protected":false},"author":2,"featured_media":0,"parent":0,"menu_order":0,"comment_status":"closed","ping_status":"closed","template":"elementor_header_footer","meta":{"_acf_changed":false,"footnotes":""},"class_list":["post-193900","page","type-page","status-publish","hentry"],"acf":[],"_links":{"self":[{"href":"https:\/\/tuscasitasbnb.com\/es_mx\/wp-json\/wp\/v2\/pages\/193900","targetHints":{"allow":["GET"]}}],"collection":[{"href":"https:\/\/tuscasitasbnb.com\/es_mx\/wp-json\/wp\/v2\/pages"}],"about":[{"href":"https:\/\/tuscasitasbnb.com\/es_mx\/wp-json\/wp\/v2\/types\/page"}],"author":[{"embeddable":true,"href":"https:\/\/tuscasitasbnb.com\/es_mx\/wp-json\/wp\/v2\/users\/2"}],"replies":[{"embeddable":true,"href":"https:\/\/tuscasitasbnb.com\/es_mx\/wp-json\/wp\/v2\/comments?post=193900"}],"version-history":[{"count":53,"href":"https:\/\/tuscasitasbnb.com\/es_mx\/wp-json\/wp\/v2\/pages\/193900\/revisions"}],"predecessor-version":[{"id":198700,"href":"https:\/\/tuscasitasbnb.com\/es_mx\/wp-json\/wp\/v2\/pages\/193900\/revisions\/198700"}],"wp:attachment":[{"href":"https:\/\/tuscasitasbnb.com\/es_mx\/wp-json\/wp\/v2\/media?parent=193900"}],"curies":[{"name":"wp","href":"https:\/\/api.w.org\/{rel}","templated":true}]}}